{"id":130,"date":"2025-12-05T06:23:21","date_gmt":"2025-12-05T06:23:21","guid":{"rendered":"https:\/\/bebii.store\/?post_type=product&#038;p=130"},"modified":"2025-12-05T06:23:21","modified_gmt":"2025-12-05T06:23:21","slug":"banh-an-dam-huu-co-hinh-que-vi-rau-cu","status":"publish","type":"product","link":"https:\/\/bebii.store\/index.php\/san-pham\/banh-an-dam-huu-co-hinh-que-vi-rau-cu\/","title":{"rendered":"B\u00e1nh \u0103n d\u1eb7m h\u1eefu c\u01a1 h\u00ecnh que v\u1ecb rau c\u1ee7"},"content":{"rendered":"","protected":false},"excerpt":{"rendered":"<p><span style=\"font-weight: 400;\">S\u1ea3n ph\u1ea9m \u0111\u01b0\u1ee3c l\u00e0m t\u1eeb ng\u0169 c\u1ed1c h\u1eefu c\u01a1 k\u1ebft h\u1ee3p v\u1edbi c\u00e1c lo\u1ea1i rau c\u1ee7 t\u1ef1 nhi\u00ean nh\u01b0 c\u00e0 r\u1ed1t, c\u00e0 chua v\u00e0 ng\u00f4. Kh\u00f4ng ch\u1ee9a mu\u1ed1i, \u0111\u01b0\u1eddng tinh luy\u1ec7n, h\u01b0\u01a1ng li\u1ec7u hay ch\u1ea5t b\u1ea3o qu\u1ea3n<\/span><\/p>\n","protected":false},"featured_media":131,"comment_status":"open","ping_status":"closed","template":"","meta":[],"product_brand":[],"product_cat":[17],"product_tag":[],"class_list":{"0":"post-130","1":"product","2":"type-product","3":"status-publish","4":"has-post-thumbnail","6":"product_cat-banh-an-dam","8":"first","9":"instock","10":"shipping-taxable","11":"purchasable","12":"product-type-simple","13":"customify-col","14":"product-has-gallery"},"yoast_head":"<!-- This site is optimized with the Yoast SEO plugin v26.4 - https:\/\/yoast.com\/wordpress\/plugins\/seo\/ -->\n<title>B\u00e1nh \u0103n d\u1eb7m h\u1eefu c\u01a1 h\u00ecnh que v\u1ecb rau c\u1ee7 - B\u00e9Bii<\/title>\n<meta name=\"robots\" content=\"index, follow, max-snippet:-1, max-image-preview:large, max-video-preview:-1\" \/>\n<link rel=\"canonical\" href=\"https:\/\/bebii.store\/index.php\/san-pham\/banh-an-dam-huu-co-hinh-que-vi-rau-cu\/\" \/>\n<meta property=\"og:locale\" content=\"vi_VN\" \/>\n<meta property=\"og:type\" content=\"article\" \/>\n<meta property=\"og:title\" content=\"B\u00e1nh \u0103n d\u1eb7m h\u1eefu c\u01a1 h\u00ecnh que v\u1ecb rau c\u1ee7 - B\u00e9Bii\" \/>\n<meta property=\"og:description\" content=\"S\u1ea3n ph\u1ea9m \u0111\u01b0\u1ee3c l\u00e0m t\u1eeb ng\u0169 c\u1ed1c h\u1eefu c\u01a1 k\u1ebft h\u1ee3p v\u1edbi c\u00e1c lo\u1ea1i rau c\u1ee7 t\u1ef1 nhi\u00ean nh\u01b0 c\u00e0 r\u1ed1t, c\u00e0 chua v\u00e0 ng\u00f4. Kh\u00f4ng ch\u1ee9a mu\u1ed1i, \u0111\u01b0\u1eddng tinh luy\u1ec7n, h\u01b0\u01a1ng li\u1ec7u hay ch\u1ea5t b\u1ea3o qu\u1ea3n\" \/>\n<meta property=\"og:url\" content=\"https:\/\/bebii.store\/index.php\/san-pham\/banh-an-dam-huu-co-hinh-que-vi-rau-cu\/\" \/>\n<meta property=\"og:site_name\" content=\"B\u00e9Bii\" \/>\n<meta property=\"og:image\" content=\"http:\/\/bebii.store\/wp-content\/uploads\/2025\/12\/Screenshot-2025-12-05-132140.png\" \/>\n\t<meta property=\"og:image:width\" content=\"177\" \/>\n\t<meta property=\"og:image:height\" content=\"182\" \/>\n\t<meta property=\"og:image:type\" content=\"image\/png\" \/>\n<meta name=\"twitter:card\" content=\"summary_large_image\" \/>\n<meta name=\"twitter:label1\" content=\"\u01af\u1edbc t\u00ednh th\u1eddi gian \u0111\u1ecdc\" \/>\n\t<meta name=\"twitter:data1\" content=\"1 ph\u00fat\" \/>\n<script type=\"application\/ld+json\" class=\"yoast-schema-graph\">{\"@context\":\"https:\/\/schema.org\",\"@graph\":[{\"@type\":\"WebPage\",\"@id\":\"https:\/\/bebii.store\/index.php\/san-pham\/banh-an-dam-huu-co-hinh-que-vi-rau-cu\/\",\"url\":\"https:\/\/bebii.store\/index.php\/san-pham\/banh-an-dam-huu-co-hinh-que-vi-rau-cu\/\",\"name\":\"B\u00e1nh \u0103n d\u1eb7m h\u1eefu c\u01a1 h\u00ecnh que v\u1ecb rau c\u1ee7 - B\u00e9Bii\",\"isPartOf\":{\"@id\":\"https:\/\/bebii.store\/#website\"},\"primaryImageOfPage\":{\"@id\":\"https:\/\/bebii.store\/index.php\/san-pham\/banh-an-dam-huu-co-hinh-que-vi-rau-cu\/#primaryimage\"},\"image\":{\"@id\":\"https:\/\/bebii.store\/index.php\/san-pham\/banh-an-dam-huu-co-hinh-que-vi-rau-cu\/#primaryimage\"},\"thumbnailUrl\":\"https:\/\/bebii.store\/wp-content\/uploads\/2025\/12\/Screenshot-2025-12-05-132140.png\",\"datePublished\":\"2025-12-05T06:23:21+00:00\",\"breadcrumb\":{\"@id\":\"https:\/\/bebii.store\/index.php\/san-pham\/banh-an-dam-huu-co-hinh-que-vi-rau-cu\/#breadcrumb\"},\"inLanguage\":\"vi\",\"potentialAction\":[{\"@type\":\"ReadAction\",\"target\":[\"https:\/\/bebii.store\/index.php\/san-pham\/banh-an-dam-huu-co-hinh-que-vi-rau-cu\/\"]}]},{\"@type\":\"ImageObject\",\"inLanguage\":\"vi\",\"@id\":\"https:\/\/bebii.store\/index.php\/san-pham\/banh-an-dam-huu-co-hinh-que-vi-rau-cu\/#primaryimage\",\"url\":\"https:\/\/bebii.store\/wp-content\/uploads\/2025\/12\/Screenshot-2025-12-05-132140.png\",\"contentUrl\":\"https:\/\/bebii.store\/wp-content\/uploads\/2025\/12\/Screenshot-2025-12-05-132140.png\",\"width\":177,\"height\":182},{\"@type\":\"BreadcrumbList\",\"@id\":\"https:\/\/bebii.store\/index.php\/san-pham\/banh-an-dam-huu-co-hinh-que-vi-rau-cu\/#breadcrumb\",\"itemListElement\":[{\"@type\":\"ListItem\",\"position\":1,\"name\":\"Trang ch\u1ee7\",\"item\":\"https:\/\/bebii.store\/\"},{\"@type\":\"ListItem\",\"position\":2,\"name\":\"C\u1eeda h\u00e0ng\",\"item\":\"https:\/\/bebii.store\/index.php\/cua-hang\/\"},{\"@type\":\"ListItem\",\"position\":3,\"name\":\"B\u00e1nh \u0103n d\u1eb7m h\u1eefu c\u01a1 h\u00ecnh que v\u1ecb rau c\u1ee7\"}]},{\"@type\":\"WebSite\",\"@id\":\"https:\/\/bebii.store\/#website\",\"url\":\"https:\/\/bebii.store\/\",\"name\":\"B\u00e9Bii\",\"description\":\"\",\"publisher\":{\"@id\":\"https:\/\/bebii.store\/#organization\"},\"potentialAction\":[{\"@type\":\"SearchAction\",\"target\":{\"@type\":\"EntryPoint\",\"urlTemplate\":\"https:\/\/bebii.store\/?s={search_term_string}\"},\"query-input\":{\"@type\":\"PropertyValueSpecification\",\"valueRequired\":true,\"valueName\":\"search_term_string\"}}],\"inLanguage\":\"vi\"},{\"@type\":\"Organization\",\"@id\":\"https:\/\/bebii.store\/#organization\",\"name\":\"B\u00e9Bii\",\"url\":\"https:\/\/bebii.store\/\",\"logo\":{\"@type\":\"ImageObject\",\"inLanguage\":\"vi\",\"@id\":\"https:\/\/bebii.store\/#\/schema\/logo\/image\/\",\"url\":\"https:\/\/bebii.store\/wp-content\/uploads\/2025\/11\/cropped-Gemini_Generated_Image_uc9ffouc9ffouc9f-Photoroom.png\",\"contentUrl\":\"https:\/\/bebii.store\/wp-content\/uploads\/2025\/11\/cropped-Gemini_Generated_Image_uc9ffouc9ffouc9f-Photoroom.png\",\"width\":240,\"height\":160,\"caption\":\"B\u00e9Bii\"},\"image\":{\"@id\":\"https:\/\/bebii.store\/#\/schema\/logo\/image\/\"}}]}<\/script>\n<!-- \/ Yoast SEO plugin. -->","yoast_head_json":{"title":"B\u00e1nh \u0103n d\u1eb7m h\u1eefu c\u01a1 h\u00ecnh que v\u1ecb rau c\u1ee7 - B\u00e9Bii","robots":{"index":"index","follow":"follow","max-snippet":"max-snippet:-1","max-image-preview":"max-image-preview:large","max-video-preview":"max-video-preview:-1"},"canonical":"https:\/\/bebii.store\/index.php\/san-pham\/banh-an-dam-huu-co-hinh-que-vi-rau-cu\/","og_locale":"vi_VN","og_type":"article","og_title":"B\u00e1nh \u0103n d\u1eb7m h\u1eefu c\u01a1 h\u00ecnh que v\u1ecb rau c\u1ee7 - B\u00e9Bii","og_description":"S\u1ea3n ph\u1ea9m \u0111\u01b0\u1ee3c l\u00e0m t\u1eeb ng\u0169 c\u1ed1c h\u1eefu c\u01a1 k\u1ebft h\u1ee3p v\u1edbi c\u00e1c lo\u1ea1i rau c\u1ee7 t\u1ef1 nhi\u00ean nh\u01b0 c\u00e0 r\u1ed1t, c\u00e0 chua v\u00e0 ng\u00f4. Kh\u00f4ng ch\u1ee9a mu\u1ed1i, \u0111\u01b0\u1eddng tinh luy\u1ec7n, h\u01b0\u01a1ng li\u1ec7u hay ch\u1ea5t b\u1ea3o qu\u1ea3n","og_url":"https:\/\/bebii.store\/index.php\/san-pham\/banh-an-dam-huu-co-hinh-que-vi-rau-cu\/","og_site_name":"B\u00e9Bii","og_image":[{"width":177,"height":182,"url":"http:\/\/bebii.store\/wp-content\/uploads\/2025\/12\/Screenshot-2025-12-05-132140.png","type":"image\/png"}],"twitter_card":"summary_large_image","twitter_misc":{"\u01af\u1edbc t\u00ednh th\u1eddi gian \u0111\u1ecdc":"1 ph\u00fat"},"schema":{"@context":"https:\/\/schema.org","@graph":[{"@type":"WebPage","@id":"https:\/\/bebii.store\/index.php\/san-pham\/banh-an-dam-huu-co-hinh-que-vi-rau-cu\/","url":"https:\/\/bebii.store\/index.php\/san-pham\/banh-an-dam-huu-co-hinh-que-vi-rau-cu\/","name":"B\u00e1nh \u0103n d\u1eb7m h\u1eefu c\u01a1 h\u00ecnh que v\u1ecb rau c\u1ee7 - B\u00e9Bii","isPartOf":{"@id":"https:\/\/bebii.store\/#website"},"primaryImageOfPage":{"@id":"https:\/\/bebii.store\/index.php\/san-pham\/banh-an-dam-huu-co-hinh-que-vi-rau-cu\/#primaryimage"},"image":{"@id":"https:\/\/bebii.store\/index.php\/san-pham\/banh-an-dam-huu-co-hinh-que-vi-rau-cu\/#primaryimage"},"thumbnailUrl":"https:\/\/bebii.store\/wp-content\/uploads\/2025\/12\/Screenshot-2025-12-05-132140.png","datePublished":"2025-12-05T06:23:21+00:00","breadcrumb":{"@id":"https:\/\/bebii.store\/index.php\/san-pham\/banh-an-dam-huu-co-hinh-que-vi-rau-cu\/#breadcrumb"},"inLanguage":"vi","potentialAction":[{"@type":"ReadAction","target":["https:\/\/bebii.store\/index.php\/san-pham\/banh-an-dam-huu-co-hinh-que-vi-rau-cu\/"]}]},{"@type":"ImageObject","inLanguage":"vi","@id":"https:\/\/bebii.store\/index.php\/san-pham\/banh-an-dam-huu-co-hinh-que-vi-rau-cu\/#primaryimage","url":"https:\/\/bebii.store\/wp-content\/uploads\/2025\/12\/Screenshot-2025-12-05-132140.png","contentUrl":"https:\/\/bebii.store\/wp-content\/uploads\/2025\/12\/Screenshot-2025-12-05-132140.png","width":177,"height":182},{"@type":"BreadcrumbList","@id":"https:\/\/bebii.store\/index.php\/san-pham\/banh-an-dam-huu-co-hinh-que-vi-rau-cu\/#breadcrumb","itemListElement":[{"@type":"ListItem","position":1,"name":"Trang ch\u1ee7","item":"https:\/\/bebii.store\/"},{"@type":"ListItem","position":2,"name":"C\u1eeda h\u00e0ng","item":"https:\/\/bebii.store\/index.php\/cua-hang\/"},{"@type":"ListItem","position":3,"name":"B\u00e1nh \u0103n d\u1eb7m h\u1eefu c\u01a1 h\u00ecnh que v\u1ecb rau c\u1ee7"}]},{"@type":"WebSite","@id":"https:\/\/bebii.store\/#website","url":"https:\/\/bebii.store\/","name":"B\u00e9Bii","description":"","publisher":{"@id":"https:\/\/bebii.store\/#organization"},"potentialAction":[{"@type":"SearchAction","target":{"@type":"EntryPoint","urlTemplate":"https:\/\/bebii.store\/?s={search_term_string}"},"query-input":{"@type":"PropertyValueSpecification","valueRequired":true,"valueName":"search_term_string"}}],"inLanguage":"vi"},{"@type":"Organization","@id":"https:\/\/bebii.store\/#organization","name":"B\u00e9Bii","url":"https:\/\/bebii.store\/","logo":{"@type":"ImageObject","inLanguage":"vi","@id":"https:\/\/bebii.store\/#\/schema\/logo\/image\/","url":"https:\/\/bebii.store\/wp-content\/uploads\/2025\/11\/cropped-Gemini_Generated_Image_uc9ffouc9ffouc9f-Photoroom.png","contentUrl":"https:\/\/bebii.store\/wp-content\/uploads\/2025\/11\/cropped-Gemini_Generated_Image_uc9ffouc9ffouc9f-Photoroom.png","width":240,"height":160,"caption":"B\u00e9Bii"},"image":{"@id":"https:\/\/bebii.store\/#\/schema\/logo\/image\/"}}]}},"jetpack_sharing_enabled":true,"_links":{"self":[{"href":"https:\/\/bebii.store\/index.php\/wp-json\/wp\/v2\/product\/130","targetHints":{"allow":["GET"]}}],"collection":[{"href":"https:\/\/bebii.store\/index.php\/wp-json\/wp\/v2\/product"}],"about":[{"href":"https:\/\/bebii.store\/index.php\/wp-json\/wp\/v2\/types\/product"}],"replies":[{"embeddable":true,"href":"https:\/\/bebii.store\/index.php\/wp-json\/wp\/v2\/comments?post=130"}],"wp:featuredmedia":[{"embeddable":true,"href":"https:\/\/bebii.store\/index.php\/wp-json\/wp\/v2\/media\/131"}],"wp:attachment":[{"href":"https:\/\/bebii.store\/index.php\/wp-json\/wp\/v2\/media?parent=130"}],"wp:term":[{"taxonomy":"product_brand","embeddable":true,"href":"https:\/\/bebii.store\/index.php\/wp-json\/wp\/v2\/product_brand?post=130"},{"taxonomy":"product_cat","embeddable":true,"href":"https:\/\/bebii.store\/index.php\/wp-json\/wp\/v2\/product_cat?post=130"},{"taxonomy":"product_tag","embeddable":true,"href":"https:\/\/bebii.store\/index.php\/wp-json\/wp\/v2\/product_tag?post=130"}],"curies":[{"name":"wp","href":"https:\/\/api.w.org\/{rel}","templated":true}]}}