{"id":76,"date":"2025-12-05T06:02:02","date_gmt":"2025-12-05T06:02:02","guid":{"rendered":"https:\/\/bebii.store\/index.php\/gio-hang-2\/"},"modified":"2025-12-05T06:02:02","modified_gmt":"2025-12-05T06:02:02","slug":"gio-hang-2","status":"publish","type":"page","link":"https:\/\/bebii.store\/index.php\/gio-hang-2\/","title":{"rendered":"Gi\u1ecf h\u00e0ng"},"content":{"rendered":"\n<div data-block-name=\"woocommerce\/cart\" class=\"wp-block-woocommerce-cart alignwide is-loading\">\n<div data-block-name=\"woocommerce\/filled-cart-block\" class=\"wp-block-woocommerce-filled-cart-block\">\n<div data-block-name=\"woocommerce\/cart-items-block\" class=\"wp-block-woocommerce-cart-items-block\">\n<div data-block-name=\"woocommerce\/cart-line-items-block\" class=\"wp-block-woocommerce-cart-line-items-block\"><\/div>\n\n\n<\/div>\n\n\n\n\n<div data-block-name=\"woocommerce\/cart-totals-block\" class=\"wp-block-woocommerce-cart-totals-block\">\n<div data-block-name=\"woocommerce\/cart-order-summary-block\" class=\"wp-block-woocommerce-cart-order-summary-block\">\n<div data-block-name=\"woocommerce\/cart-order-summary-heading-block\" class=\"wp-block-woocommerce-cart-order-summary-heading-block\"><\/div><div data-block-name=\"woocommerce\/cart-order-summary-coupon-form-block\" class=\"wp-block-woocommerce-cart-order-summary-coupon-form-block\"><\/div><div data-block-name=\"woocommerce\/cart-order-summary-totals-block\" class=\"wp-block-woocommerce-cart-order-summary-totals-block\">\n<div data-block-name=\"woocommerce\/cart-order-summary-subtotal-block\" class=\"wp-block-woocommerce-cart-order-summary-subtotal-block\"><\/div>\n<div data-block-name=\"woocommerce\/cart-order-summary-discount-block\" class=\"wp-block-woocommerce-cart-order-summary-discount-block\"><\/div>\n<div data-block-name=\"woocommerce\/cart-order-summary-fee-block\" class=\"wp-block-woocommerce-cart-order-summary-fee-block\"><\/div>\n<div data-block-name=\"woocommerce\/cart-order-summary-shipping-block\" class=\"wp-block-woocommerce-cart-order-summary-shipping-block\"><\/div>\n<div data-block-name=\"woocommerce\/cart-order-summary-taxes-block\" class=\"wp-block-woocommerce-cart-order-summary-taxes-block\"><\/div><\/div>\n<\/div>\n\n\n\n<div data-block-name=\"woocommerce\/cart-express-payment-block\" class=\"wp-block-woocommerce-cart-express-payment-block\"><\/div>\n\n\n\n<div data-block-name=\"woocommerce\/proceed-to-checkout-block\" class=\"wp-block-woocommerce-proceed-to-checkout-block\"><\/div>\n<div id=\"ppcp-recaptcha-v2-container\" style=\"margin:20px 0;\"><\/div>\n\n\n<div data-block-name=\"woocommerce\/cart-accepted-payment-methods-block\" class=\"wp-block-woocommerce-cart-accepted-payment-methods-block\"><\/div>\n<\/div>\n<\/div>\n\n\n\n<div data-block-name=\"woocommerce\/empty-cart-block\" class=\"wp-block-woocommerce-empty-cart-block\">\n<h2 class=\"wp-block-heading has-text-align-center with-empty-cart-icon wc-block-cart__empty-cart__title\">Gi\u1ecf h\u00e0ng hi\u1ec7n t\u1ea1i ch\u01b0a c\u00f3 s\u1ea3n ph\u1ea9m n\u00e0o!<\/h2>\n\n\n\n<hr class=\"wp-block-separator has-alpha-channel-opacity is-style-dots\"\/>\n\n\n\n<h2 class=\"wp-block-heading has-text-align-center\">M\u1edbi trong c\u1eeda h\u00e0ng<\/h2>\n\n\n<div data-block-name=\"woocommerce\/product-new\" data-columns=\"4\" data-rows=\"1\" class=\"wc-block-grid wp-block-product-new wp-block-woocommerce-product-new wc-block-product-new has-4-columns\"><ul class=\"wc-block-grid__products\"><li class=\"wc-block-grid__product\">\n\t\t\t\t<a href=\"https:\/\/bebii.store\/index.php\/san-pham\/trai-cay-nghien-huu-co-organix\/\" class=\"wc-block-grid__product-link\">\n\t\t\t\t\t\n\t\t\t\t\t<div class=\"wc-block-grid__product-image\"><img fetchpriority=\"high\" decoding=\"async\" width=\"300\" height=\"300\" src=\"https:\/\/bebii.store\/wp-content\/uploads\/2025\/12\/vn-11134207-820l4-mhztjl95l5hi89-300x300.webp\" class=\"attachment-woocommerce_thumbnail size-woocommerce_thumbnail\" alt=\"Tr\u00e1i C\u00e2y Nghi\u1ec1n H\u1eefu C\u01a1 Organix\" srcset=\"https:\/\/bebii.store\/wp-content\/uploads\/2025\/12\/vn-11134207-820l4-mhztjl95l5hi89-300x300.webp 300w, https:\/\/bebii.store\/wp-content\/uploads\/2025\/12\/vn-11134207-820l4-mhztjl95l5hi89-150x150.webp 150w, https:\/\/bebii.store\/wp-content\/uploads\/2025\/12\/vn-11134207-820l4-mhztjl95l5hi89-768x768.webp 768w, https:\/\/bebii.store\/wp-content\/uploads\/2025\/12\/vn-11134207-820l4-mhztjl95l5hi89-600x600.webp 600w, https:\/\/bebii.store\/wp-content\/uploads\/2025\/12\/vn-11134207-820l4-mhztjl95l5hi89-100x100.webp 100w, https:\/\/bebii.store\/wp-content\/uploads\/2025\/12\/vn-11134207-820l4-mhztjl95l5hi89.webp 1024w\" sizes=\"(max-width: 300px) 100vw, 300px\" \/><\/div>\n\t\t\t\t\t<div class=\"wc-block-grid__product-title\">Tr\u00e1i C\u00e2y Nghi\u1ec1n H\u1eefu C\u01a1 Organix<\/div>\n\t\t\t\t<\/a>\n\t\t\t\t<div class=\"wc-block-grid__product-price price\"><span class=\"woocommerce-Price-amount amount\">65.000&nbsp;<span class=\"woocommerce-Price-currencySymbol\">&#8363;<\/span><\/span><\/div>\n\t\t\t\t\n\t\t\t\t<div class=\"wp-block-button wc-block-grid__product-add-to-cart\"><a href=\"\/index.php\/wp-json\/wp\/v2\/pages\/76?add-to-cart=257\" aria-label=\"Th\u00eam v\u00e0o gi\u1ecf h\u00e0ng: &ldquo;Tr\u00e1i C\u00e2y Nghi\u1ec1n H\u1eefu C\u01a1 Organix&rdquo;\" data-quantity=\"1\" data-product_id=\"257\" data-product_sku=\"\" data-price=\"65000\" rel=\"nofollow\" class=\"wp-block-button__link  add_to_cart_button ajax_add_to_cart\">Th\u00eam v\u00e0o gi\u1ecf h\u00e0ng<\/a><\/div>\n\t\t\t<\/li><li class=\"wc-block-grid__product\">\n\t\t\t\t<a href=\"https:\/\/bebii.store\/index.php\/san-pham\/banh-an-dam-huu-co-vong-tron-vi-ngo\/\" class=\"wc-block-grid__product-link\">\n\t\t\t\t\t\n\t\t\t\t\t<div class=\"wc-block-grid__product-image\"><img decoding=\"async\" width=\"178\" height=\"187\" src=\"https:\/\/bebii.store\/wp-content\/uploads\/2025\/12\/Screenshot-2025-12-05-132132.png\" class=\"attachment-woocommerce_thumbnail size-woocommerce_thumbnail\" alt=\"B\u00e1nh \u0103n d\u1eb7m h\u1eefu c\u01a1 v\u00f2ng tr\u00f2n v\u1ecb ng\u00f4\" \/><\/div>\n\t\t\t\t\t<div class=\"wc-block-grid__product-title\">B\u00e1nh \u0103n d\u1eb7m h\u1eefu c\u01a1 v\u00f2ng tr\u00f2n v\u1ecb ng\u00f4<\/div>\n\t\t\t\t<\/a>\n\t\t\t\t<div class=\"wc-block-grid__product-price price\"><span class=\"woocommerce-Price-amount amount\">55.000&nbsp;<span class=\"woocommerce-Price-currencySymbol\">&#8363;<\/span><\/span><\/div>\n\t\t\t\t\n\t\t\t\t<div class=\"wp-block-button wc-block-grid__product-add-to-cart\"><a href=\"\/index.php\/wp-json\/wp\/v2\/pages\/76?add-to-cart=136\" aria-label=\"Th\u00eam v\u00e0o gi\u1ecf h\u00e0ng: &ldquo;B\u00e1nh \u0103n d\u1eb7m h\u1eefu c\u01a1 v\u00f2ng tr\u00f2n v\u1ecb ng\u00f4&rdquo;\" data-quantity=\"1\" data-product_id=\"136\" data-product_sku=\"\" data-price=\"55000\" rel=\"nofollow\" class=\"wp-block-button__link  add_to_cart_button ajax_add_to_cart\">Th\u00eam v\u00e0o gi\u1ecf h\u00e0ng<\/a><\/div>\n\t\t\t<\/li><li class=\"wc-block-grid__product\">\n\t\t\t\t<a href=\"https:\/\/bebii.store\/index.php\/san-pham\/banh-an-dam-huu-co-hinh-sao-vi-pho-mai\/\" class=\"wc-block-grid__product-link\">\n\t\t\t\t\t\n\t\t\t\t\t<div class=\"wc-block-grid__product-image\"><img decoding=\"async\" width=\"173\" height=\"186\" src=\"https:\/\/bebii.store\/wp-content\/uploads\/2025\/12\/Screenshot-2025-12-05-132124.png\" class=\"attachment-woocommerce_thumbnail size-woocommerce_thumbnail\" alt=\"B\u00e1nh \u0103n d\u1eb7m h\u1eefu c\u01a1 h\u00ecnh sao v\u1ecb ph\u00f4 mai\" \/><\/div>\n\t\t\t\t\t<div class=\"wc-block-grid__product-title\">B\u00e1nh \u0103n d\u1eb7m h\u1eefu c\u01a1 h\u00ecnh sao v\u1ecb ph\u00f4 mai<\/div>\n\t\t\t\t<\/a>\n\t\t\t\t<div class=\"wc-block-grid__product-price price\"><span class=\"woocommerce-Price-amount amount\">55.000&nbsp;<span class=\"woocommerce-Price-currencySymbol\">&#8363;<\/span><\/span><\/div>\n\t\t\t\t\n\t\t\t\t<div class=\"wp-block-button wc-block-grid__product-add-to-cart\"><a href=\"\/index.php\/wp-json\/wp\/v2\/pages\/76?add-to-cart=134\" aria-label=\"Th\u00eam v\u00e0o gi\u1ecf h\u00e0ng: &ldquo;B\u00e1nh \u0103n d\u1eb7m h\u1eefu c\u01a1 h\u00ecnh sao v\u1ecb ph\u00f4 mai&rdquo;\" data-quantity=\"1\" data-product_id=\"134\" data-product_sku=\"\" data-price=\"55000\" rel=\"nofollow\" class=\"wp-block-button__link  add_to_cart_button ajax_add_to_cart\">Th\u00eam v\u00e0o gi\u1ecf h\u00e0ng<\/a><\/div>\n\t\t\t<\/li><li class=\"wc-block-grid__product\">\n\t\t\t\t<a href=\"https:\/\/bebii.store\/index.php\/san-pham\/banh-an-dam-huu-co-vi-ca-rot\/\" class=\"wc-block-grid__product-link\">\n\t\t\t\t\t\n\t\t\t\t\t<div class=\"wc-block-grid__product-image\"><img loading=\"lazy\" decoding=\"async\" width=\"176\" height=\"186\" src=\"https:\/\/bebii.store\/wp-content\/uploads\/2025\/12\/Screenshot-2025-12-05-132146.png\" class=\"attachment-woocommerce_thumbnail size-woocommerce_thumbnail\" alt=\"B\u00e1nh \u0103n d\u1eb7m h\u1eefu c\u01a1 v\u1ecb c\u00e0 r\u1ed1t\" \/><\/div>\n\t\t\t\t\t<div class=\"wc-block-grid__product-title\">B\u00e1nh \u0103n d\u1eb7m h\u1eefu c\u01a1 v\u1ecb c\u00e0 r\u1ed1t<\/div>\n\t\t\t\t<\/a>\n\t\t\t\t<div class=\"wc-block-grid__product-price price\"><span class=\"woocommerce-Price-amount amount\">55.000&nbsp;<span class=\"woocommerce-Price-currencySymbol\">&#8363;<\/span><\/span><\/div>\n\t\t\t\t\n\t\t\t\t<div class=\"wp-block-button wc-block-grid__product-add-to-cart\"><a href=\"\/index.php\/wp-json\/wp\/v2\/pages\/76?add-to-cart=132\" aria-label=\"Th\u00eam v\u00e0o gi\u1ecf h\u00e0ng: &ldquo;B\u00e1nh \u0103n d\u1eb7m h\u1eefu c\u01a1 v\u1ecb c\u00e0 r\u1ed1t&rdquo;\" data-quantity=\"1\" data-product_id=\"132\" data-product_sku=\"\" data-price=\"55000\" rel=\"nofollow\" class=\"wp-block-button__link  add_to_cart_button ajax_add_to_cart\">Th\u00eam v\u00e0o gi\u1ecf h\u00e0ng<\/a><\/div>\n\t\t\t<\/li><\/ul><\/div><\/div>\n<\/div>\n","protected":false},"excerpt":{"rendered":"","protected":false},"author":1,"featured_media":0,"parent":0,"menu_order":0,"comment_status":"closed","ping_status":"closed","template":"","meta":{"footnotes":""},"class_list":["post-76","page","type-page","status-publish","hentry"],"yoast_head":"<!-- This site is optimized with the Yoast SEO plugin v26.4 - https:\/\/yoast.com\/wordpress\/plugins\/seo\/ -->\n<title>Gi\u1ecf h\u00e0ng - B\u00e9Bii<\/title>\n<meta name=\"robots\" content=\"index, follow, max-snippet:-1, max-image-preview:large, max-video-preview:-1\" \/>\n<link rel=\"canonical\" href=\"https:\/\/bebii.store\/index.php\/gio-hang-2\/\" \/>\n<meta property=\"og:locale\" content=\"vi_VN\" \/>\n<meta property=\"og:type\" content=\"article\" \/>\n<meta property=\"og:title\" content=\"Gi\u1ecf h\u00e0ng - B\u00e9Bii\" \/>\n<meta property=\"og:url\" content=\"https:\/\/bebii.store\/index.php\/gio-hang-2\/\" \/>\n<meta property=\"og:site_name\" content=\"B\u00e9Bii\" \/>\n<meta name=\"twitter:card\" content=\"summary_large_image\" \/>\n<script type=\"application\/ld+json\" class=\"yoast-schema-graph\">{\"@context\":\"https:\/\/schema.org\",\"@graph\":[{\"@type\":\"WebPage\",\"@id\":\"https:\/\/bebii.store\/index.php\/gio-hang-2\/\",\"url\":\"https:\/\/bebii.store\/index.php\/gio-hang-2\/\",\"name\":\"Gi\u1ecf h\u00e0ng - B\u00e9Bii\",\"isPartOf\":{\"@id\":\"https:\/\/bebii.store\/#website\"},\"datePublished\":\"2025-12-05T06:02:02+00:00\",\"breadcrumb\":{\"@id\":\"https:\/\/bebii.store\/index.php\/gio-hang-2\/#breadcrumb\"},\"inLanguage\":\"vi\",\"potentialAction\":[{\"@type\":\"ReadAction\",\"target\":[\"https:\/\/bebii.store\/index.php\/gio-hang-2\/\"]}]},{\"@type\":\"BreadcrumbList\",\"@id\":\"https:\/\/bebii.store\/index.php\/gio-hang-2\/#breadcrumb\",\"itemListElement\":[{\"@type\":\"ListItem\",\"position\":1,\"name\":\"Trang ch\u1ee7\",\"item\":\"https:\/\/bebii.store\/\"},{\"@type\":\"ListItem\",\"position\":2,\"name\":\"Gi\u1ecf h\u00e0ng\"}]},{\"@type\":\"WebSite\",\"@id\":\"https:\/\/bebii.store\/#website\",\"url\":\"https:\/\/bebii.store\/\",\"name\":\"B\u00e9Bii\",\"description\":\"\",\"publisher\":{\"@id\":\"https:\/\/bebii.store\/#organization\"},\"potentialAction\":[{\"@type\":\"SearchAction\",\"target\":{\"@type\":\"EntryPoint\",\"urlTemplate\":\"https:\/\/bebii.store\/?s={search_term_string}\"},\"query-input\":{\"@type\":\"PropertyValueSpecification\",\"valueRequired\":true,\"valueName\":\"search_term_string\"}}],\"inLanguage\":\"vi\"},{\"@type\":\"Organization\",\"@id\":\"https:\/\/bebii.store\/#organization\",\"name\":\"B\u00e9Bii\",\"url\":\"https:\/\/bebii.store\/\",\"logo\":{\"@type\":\"ImageObject\",\"inLanguage\":\"vi\",\"@id\":\"https:\/\/bebii.store\/#\/schema\/logo\/image\/\",\"url\":\"https:\/\/bebii.store\/wp-content\/uploads\/2025\/11\/cropped-Gemini_Generated_Image_uc9ffouc9ffouc9f-Photoroom.png\",\"contentUrl\":\"https:\/\/bebii.store\/wp-content\/uploads\/2025\/11\/cropped-Gemini_Generated_Image_uc9ffouc9ffouc9f-Photoroom.png\",\"width\":240,\"height\":160,\"caption\":\"B\u00e9Bii\"},\"image\":{\"@id\":\"https:\/\/bebii.store\/#\/schema\/logo\/image\/\"}}]}<\/script>\n<!-- \/ Yoast SEO plugin. -->","yoast_head_json":{"title":"Gi\u1ecf h\u00e0ng - B\u00e9Bii","robots":{"index":"index","follow":"follow","max-snippet":"max-snippet:-1","max-image-preview":"max-image-preview:large","max-video-preview":"max-video-preview:-1"},"canonical":"https:\/\/bebii.store\/index.php\/gio-hang-2\/","og_locale":"vi_VN","og_type":"article","og_title":"Gi\u1ecf h\u00e0ng - B\u00e9Bii","og_url":"https:\/\/bebii.store\/index.php\/gio-hang-2\/","og_site_name":"B\u00e9Bii","twitter_card":"summary_large_image","schema":{"@context":"https:\/\/schema.org","@graph":[{"@type":"WebPage","@id":"https:\/\/bebii.store\/index.php\/gio-hang-2\/","url":"https:\/\/bebii.store\/index.php\/gio-hang-2\/","name":"Gi\u1ecf h\u00e0ng - B\u00e9Bii","isPartOf":{"@id":"https:\/\/bebii.store\/#website"},"datePublished":"2025-12-05T06:02:02+00:00","breadcrumb":{"@id":"https:\/\/bebii.store\/index.php\/gio-hang-2\/#breadcrumb"},"inLanguage":"vi","potentialAction":[{"@type":"ReadAction","target":["https:\/\/bebii.store\/index.php\/gio-hang-2\/"]}]},{"@type":"BreadcrumbList","@id":"https:\/\/bebii.store\/index.php\/gio-hang-2\/#breadcrumb","itemListElement":[{"@type":"ListItem","position":1,"name":"Trang ch\u1ee7","item":"https:\/\/bebii.store\/"},{"@type":"ListItem","position":2,"name":"Gi\u1ecf h\u00e0ng"}]},{"@type":"WebSite","@id":"https:\/\/bebii.store\/#website","url":"https:\/\/bebii.store\/","name":"B\u00e9Bii","description":"","publisher":{"@id":"https:\/\/bebii.store\/#organization"},"potentialAction":[{"@type":"SearchAction","target":{"@type":"EntryPoint","urlTemplate":"https:\/\/bebii.store\/?s={search_term_string}"},"query-input":{"@type":"PropertyValueSpecification","valueRequired":true,"valueName":"search_term_string"}}],"inLanguage":"vi"},{"@type":"Organization","@id":"https:\/\/bebii.store\/#organization","name":"B\u00e9Bii","url":"https:\/\/bebii.store\/","logo":{"@type":"ImageObject","inLanguage":"vi","@id":"https:\/\/bebii.store\/#\/schema\/logo\/image\/","url":"https:\/\/bebii.store\/wp-content\/uploads\/2025\/11\/cropped-Gemini_Generated_Image_uc9ffouc9ffouc9f-Photoroom.png","contentUrl":"https:\/\/bebii.store\/wp-content\/uploads\/2025\/11\/cropped-Gemini_Generated_Image_uc9ffouc9ffouc9f-Photoroom.png","width":240,"height":160,"caption":"B\u00e9Bii"},"image":{"@id":"https:\/\/bebii.store\/#\/schema\/logo\/image\/"}}]}},"jetpack_sharing_enabled":true,"_links":{"self":[{"href":"https:\/\/bebii.store\/index.php\/wp-json\/wp\/v2\/pages\/76","targetHints":{"allow":["GET"]}}],"collection":[{"href":"https:\/\/bebii.store\/index.php\/wp-json\/wp\/v2\/pages"}],"about":[{"href":"https:\/\/bebii.store\/index.php\/wp-json\/wp\/v2\/types\/page"}],"author":[{"embeddable":true,"href":"https:\/\/bebii.store\/index.php\/wp-json\/wp\/v2\/users\/1"}],"replies":[{"embeddable":true,"href":"https:\/\/bebii.store\/index.php\/wp-json\/wp\/v2\/comments?post=76"}],"version-history":[{"count":0,"href":"https:\/\/bebii.store\/index.php\/wp-json\/wp\/v2\/pages\/76\/revisions"}],"wp:attachment":[{"href":"https:\/\/bebii.store\/index.php\/wp-json\/wp\/v2\/media?parent=76"}],"curies":[{"name":"wp","href":"https:\/\/api.w.org\/{rel}","templated":true}]}}