{"id":48,"date":"2025-12-05T05:25:08","date_gmt":"2025-12-05T05:25:08","guid":{"rendered":"https:\/\/bebii.store\/?page_id=48"},"modified":"2025-12-05T06:12:59","modified_gmt":"2025-12-05T06:12:59","slug":"san-pham","status":"publish","type":"page","link":"https:\/\/bebii.store\/index.php\/san-pham\/","title":{"rendered":"S\u1ea3n Ph\u1ea9m"},"content":{"rendered":"\t\t<div data-elementor-type=\"wp-page\" data-elementor-id=\"48\" class=\"elementor elementor-48\">\n\t\t\t\t<div class=\"elementor-element elementor-element-b6198bb e-flex e-con-boxed e-con e-parent\" data-id=\"b6198bb\" data-element_type=\"container\">\n\t\t\t\t\t<div class=\"e-con-inner\">\n\t\t\t\t<div class=\"elementor-element elementor-element-852f539 elementor-widget elementor-widget-html\" data-id=\"852f539\" data-element_type=\"widget\" data-widget_type=\"html.default\">\n\t\t\t\t\t<div class=\"woocommerce columns-4 \"><ul class=\"products customify-grid-4_md-4_sm-4_xs-1 wc-grid-view\">\n<li \nclass=\"customify-col product-has-gallery product type-product post-257 status-publish first instock product_cat-trai-cay has-post-thumbnail shipping-taxable purchasable product-type-simple\">\n\t<div class=\"wc-product-inner\">\n\t<div class=\"wc-product-media\"><a href=\"https:\/\/bebii.store\/index.php\/san-pham\/trai-cay-nghien-huu-co-organix\/\" class=\"woocommerce-LoopProduct-link woocommerce-loop-product__link\"><img fetchpriority=\"high\" decoding=\"async\" width=\"300\" height=\"300\" src=\"https:\/\/bebii.store\/wp-content\/uploads\/2025\/12\/vn-11134207-820l4-mhztjl95l5hi89-300x300.webp\" class=\"attachment-woocommerce_thumbnail size-woocommerce_thumbnail\" alt=\"Tr\u00e1i C\u00e2y Nghi\u1ec1n H\u1eefu C\u01a1 Organix\" srcset=\"https:\/\/bebii.store\/wp-content\/uploads\/2025\/12\/vn-11134207-820l4-mhztjl95l5hi89-300x300.webp 300w, https:\/\/bebii.store\/wp-content\/uploads\/2025\/12\/vn-11134207-820l4-mhztjl95l5hi89-150x150.webp 150w, https:\/\/bebii.store\/wp-content\/uploads\/2025\/12\/vn-11134207-820l4-mhztjl95l5hi89-768x768.webp 768w, https:\/\/bebii.store\/wp-content\/uploads\/2025\/12\/vn-11134207-820l4-mhztjl95l5hi89-600x600.webp 600w, https:\/\/bebii.store\/wp-content\/uploads\/2025\/12\/vn-11134207-820l4-mhztjl95l5hi89-100x100.webp 100w, https:\/\/bebii.store\/wp-content\/uploads\/2025\/12\/vn-11134207-820l4-mhztjl95l5hi89.webp 1024w\" sizes=\"(max-width: 300px) 100vw, 300px\" \/><img decoding=\"async\" width=\"900\" height=\"900\" src=\"https:\/\/bebii.store\/wp-content\/uploads\/2025\/12\/vn-11134207-820l4-mhztjl9620ao56@resize_w900_nl.webp\" class=\"attachment-shop_catalog secondary-image image-transition\" alt=\"\" srcset=\"https:\/\/bebii.store\/wp-content\/uploads\/2025\/12\/vn-11134207-820l4-mhztjl9620ao56@resize_w900_nl.webp 900w, https:\/\/bebii.store\/wp-content\/uploads\/2025\/12\/vn-11134207-820l4-mhztjl9620ao56@resize_w900_nl-300x300.webp 300w, https:\/\/bebii.store\/wp-content\/uploads\/2025\/12\/vn-11134207-820l4-mhztjl9620ao56@resize_w900_nl-150x150.webp 150w, https:\/\/bebii.store\/wp-content\/uploads\/2025\/12\/vn-11134207-820l4-mhztjl9620ao56@resize_w900_nl-768x768.webp 768w, https:\/\/bebii.store\/wp-content\/uploads\/2025\/12\/vn-11134207-820l4-mhztjl9620ao56@resize_w900_nl-600x600.webp 600w, https:\/\/bebii.store\/wp-content\/uploads\/2025\/12\/vn-11134207-820l4-mhztjl9620ao56@resize_w900_nl-100x100.webp 100w\" sizes=\"(max-width: 900px) 100vw, 900px\" \/><\/a><\/div><div class=\"wc-product-contents\"><div class=\"wc-product__part wc-product__category show-in-grid show-in-list\"><a class=\"text-uppercase text-xsmall link-meta\" href=\"https:\/\/bebii.store\/index.php\/danh-muc-san-pham\/trai-cay\/\" rel=\"tag\">Tr\u00e1i C\u00e2y<\/a><\/div><div class=\"wc-product__part wc-product__title show-in-grid show-in-list\"><h2 class=\"woocommerce-loop-product__title\"><a href=\"https:\/\/bebii.store\/index.php\/san-pham\/trai-cay-nghien-huu-co-organix\/\" class=\"woocommerce-LoopProduct-link woocommerce-loop-product__link\">Tr\u00e1i C\u00e2y Nghi\u1ec1n H\u1eefu C\u01a1 Organix<\/a><\/h2><\/div><div class=\"wc-product__part wc-product__price show-in-grid show-in-list\">\n\t<span class=\"price\"><span class=\"woocommerce-Price-amount amount\"><bdi>65.000&nbsp;<span class=\"woocommerce-Price-currencySymbol\">&#8363;<\/span><\/bdi><\/span><\/span>\n<\/div><div class=\"wc-product__part wc-product__description hide-in-grid show-in-list\"><div class=\"woocommerce-loop-product__desc\"><p>Tr\u00e1i c\u00e2y nghi\u1ec1n Organix 100% t\u1ef1 nhi\u00ean \u2013 Dinh d\u01b0\u1ee1ng ti\u1ec7n l\u1ee3i cho b\u00e9 t\u1eeb 6 th\u00e1ng Tr\u00e1i c\u00e2y nghi\u1ec1n Organix \u0111\u01b0\u1ee3c l\u00e0m t\u1eeb 100%&hellip;<\/p>\n<\/div><\/div><div class=\"wc-product__part wc-product__add_to_cart show-in-grid show-in-list\"><a href=\"\/index.php\/wp-json\/wp\/v2\/pages\/48?add-to-cart=257\" data-quantity=\"1\" class=\"button product_type_simple add_to_cart_button ajax_add_to_cart\" data-product_id=\"257\" data-product_sku=\"\" aria-label=\"Th\u00eam v\u00e0o gi\u1ecf h\u00e0ng: &ldquo;Tr\u00e1i C\u00e2y Nghi\u1ec1n H\u1eefu C\u01a1 Organix&rdquo;\" rel=\"nofollow\" data-success_message=\"&ldquo;Tr\u00e1i C\u00e2y Nghi\u1ec1n H\u1eefu C\u01a1 Organix&rdquo; \u0111\u00e3 \u0111\u01b0\u1ee3c th\u00eam v\u00e0o gi\u1ecf h\u00e0ng c\u1ee7a b\u1ea1n\" role=\"button\"><span class=\"button-label\">Th\u00eam v\u00e0o gi\u1ecf h\u00e0ng<\/span><\/a><\/div><\/div>\t<\/div>\n<\/li>\n<li \nclass=\"customify-col product-has-gallery product type-product post-136 status-publish instock product_cat-banh-an-dam has-post-thumbnail shipping-taxable purchasable product-type-simple\">\n\t<div class=\"wc-product-inner\">\n\t<div class=\"wc-product-media\"><a href=\"https:\/\/bebii.store\/index.php\/san-pham\/banh-an-dam-huu-co-vong-tron-vi-ngo\/\" class=\"woocommerce-LoopProduct-link woocommerce-loop-product__link\"><img decoding=\"async\" width=\"178\" height=\"187\" src=\"https:\/\/bebii.store\/wp-content\/uploads\/2025\/12\/Screenshot-2025-12-05-132132.png\" class=\"attachment-woocommerce_thumbnail size-woocommerce_thumbnail\" alt=\"B\u00e1nh \u0103n d\u1eb7m h\u1eefu c\u01a1 v\u00f2ng tr\u00f2n v\u1ecb ng\u00f4\" \/><img loading=\"lazy\" decoding=\"async\" width=\"178\" height=\"187\" src=\"https:\/\/bebii.store\/wp-content\/uploads\/2025\/12\/Screenshot-2025-12-05-132132.png\" class=\"attachment-shop_catalog secondary-image image-transition\" alt=\"\" \/><\/a><\/div><div class=\"wc-product-contents\"><div class=\"wc-product__part wc-product__category show-in-grid show-in-list\"><a class=\"text-uppercase text-xsmall link-meta\" href=\"https:\/\/bebii.store\/index.php\/danh-muc-san-pham\/banh-an-dam\/\" rel=\"tag\">B\u00e1nh \u0102n D\u1eb7m<\/a><\/div><div class=\"wc-product__part wc-product__title show-in-grid show-in-list\"><h2 class=\"woocommerce-loop-product__title\"><a href=\"https:\/\/bebii.store\/index.php\/san-pham\/banh-an-dam-huu-co-vong-tron-vi-ngo\/\" class=\"woocommerce-LoopProduct-link woocommerce-loop-product__link\">B\u00e1nh \u0103n d\u1eb7m h\u1eefu c\u01a1 v\u00f2ng tr\u00f2n v\u1ecb ng\u00f4<\/a><\/h2><\/div><div class=\"wc-product__part wc-product__price show-in-grid show-in-list\">\n\t<span class=\"price\"><span class=\"woocommerce-Price-amount amount\"><bdi>55.000&nbsp;<span class=\"woocommerce-Price-currencySymbol\">&#8363;<\/span><\/bdi><\/span><\/span>\n<\/div><div class=\"wc-product__part wc-product__description hide-in-grid show-in-list\"><div class=\"woocommerce-loop-product__desc\"><p>B\u00e1nh \u0103n d\u1eb7m h\u1eefu c\u01a1 v\u00f2ng tr\u00f2n v\u1ecb ng\u00f4 l\u00e0 snack h\u1eefu c\u01a1 d\u1ea1ng v\u00f2ng gi\u00f2n tan. S\u1ea3n ph\u1ea9m \u0111\u01b0\u1ee3c l\u00e0m t\u1eeb b\u1eafp ng\u1ecdt h\u1eefu&hellip;<\/p>\n<\/div><\/div><div class=\"wc-product__part wc-product__add_to_cart show-in-grid show-in-list\"><a href=\"\/index.php\/wp-json\/wp\/v2\/pages\/48?add-to-cart=136\" data-quantity=\"1\" class=\"button product_type_simple add_to_cart_button ajax_add_to_cart\" data-product_id=\"136\" data-product_sku=\"\" aria-label=\"Th\u00eam v\u00e0o gi\u1ecf h\u00e0ng: &ldquo;B\u00e1nh \u0103n d\u1eb7m h\u1eefu c\u01a1 v\u00f2ng tr\u00f2n v\u1ecb ng\u00f4&rdquo;\" rel=\"nofollow\" data-success_message=\"&ldquo;B\u00e1nh \u0103n d\u1eb7m h\u1eefu c\u01a1 v\u00f2ng tr\u00f2n v\u1ecb ng\u00f4&rdquo; \u0111\u00e3 \u0111\u01b0\u1ee3c th\u00eam v\u00e0o gi\u1ecf h\u00e0ng c\u1ee7a b\u1ea1n\" role=\"button\"><span class=\"button-label\">Th\u00eam v\u00e0o gi\u1ecf h\u00e0ng<\/span><\/a><\/div><\/div>\t<\/div>\n<\/li>\n<li \nclass=\"customify-col product-has-gallery product type-product post-134 status-publish instock product_cat-banh-an-dam has-post-thumbnail shipping-taxable purchasable product-type-simple\">\n\t<div class=\"wc-product-inner\">\n\t<div class=\"wc-product-media\"><a href=\"https:\/\/bebii.store\/index.php\/san-pham\/banh-an-dam-huu-co-hinh-sao-vi-pho-mai\/\" class=\"woocommerce-LoopProduct-link woocommerce-loop-product__link\"><img loading=\"lazy\" decoding=\"async\" width=\"173\" height=\"186\" src=\"https:\/\/bebii.store\/wp-content\/uploads\/2025\/12\/Screenshot-2025-12-05-132124.png\" class=\"attachment-woocommerce_thumbnail size-woocommerce_thumbnail\" alt=\"B\u00e1nh \u0103n d\u1eb7m h\u1eefu c\u01a1 h\u00ecnh sao v\u1ecb ph\u00f4 mai\" \/><img loading=\"lazy\" decoding=\"async\" width=\"173\" height=\"186\" src=\"https:\/\/bebii.store\/wp-content\/uploads\/2025\/12\/Screenshot-2025-12-05-132124.png\" class=\"attachment-shop_catalog secondary-image image-transition\" alt=\"\" \/><\/a><\/div><div class=\"wc-product-contents\"><div class=\"wc-product__part wc-product__category show-in-grid show-in-list\"><a class=\"text-uppercase text-xsmall link-meta\" href=\"https:\/\/bebii.store\/index.php\/danh-muc-san-pham\/banh-an-dam\/\" rel=\"tag\">B\u00e1nh \u0102n D\u1eb7m<\/a><\/div><div class=\"wc-product__part wc-product__title show-in-grid show-in-list\"><h2 class=\"woocommerce-loop-product__title\"><a href=\"https:\/\/bebii.store\/index.php\/san-pham\/banh-an-dam-huu-co-hinh-sao-vi-pho-mai\/\" class=\"woocommerce-LoopProduct-link woocommerce-loop-product__link\">B\u00e1nh \u0103n d\u1eb7m h\u1eefu c\u01a1 h\u00ecnh sao v\u1ecb ph\u00f4 mai<\/a><\/h2><\/div><div class=\"wc-product__part wc-product__price show-in-grid show-in-list\">\n\t<span class=\"price\"><span class=\"woocommerce-Price-amount amount\"><bdi>55.000&nbsp;<span class=\"woocommerce-Price-currencySymbol\">&#8363;<\/span><\/bdi><\/span><\/span>\n<\/div><div class=\"wc-product__part wc-product__description hide-in-grid show-in-list\"><div class=\"woocommerce-loop-product__desc\"><p>B\u00e1nh \u0103n d\u1eb7m h\u1eefu c\u01a1 h\u00ecnh sao v\u1ecb phomai l\u00e0 snack h\u1eefu c\u01a1 d\u1ea1ng ng\u00f4i sao. S\u1ea3n ph\u1ea9m \u0111\u01b0\u1ee3c l\u00e0m t\u1eeb ng\u0169 c\u1ed1c h\u1eefu c\u01a1&hellip;<\/p>\n<\/div><\/div><div class=\"wc-product__part wc-product__add_to_cart show-in-grid show-in-list\"><a href=\"\/index.php\/wp-json\/wp\/v2\/pages\/48?add-to-cart=134\" data-quantity=\"1\" class=\"button product_type_simple add_to_cart_button ajax_add_to_cart\" data-product_id=\"134\" data-product_sku=\"\" aria-label=\"Th\u00eam v\u00e0o gi\u1ecf h\u00e0ng: &ldquo;B\u00e1nh \u0103n d\u1eb7m h\u1eefu c\u01a1 h\u00ecnh sao v\u1ecb ph\u00f4 mai&rdquo;\" rel=\"nofollow\" data-success_message=\"&ldquo;B\u00e1nh \u0103n d\u1eb7m h\u1eefu c\u01a1 h\u00ecnh sao v\u1ecb ph\u00f4 mai&rdquo; \u0111\u00e3 \u0111\u01b0\u1ee3c th\u00eam v\u00e0o gi\u1ecf h\u00e0ng c\u1ee7a b\u1ea1n\" role=\"button\"><span class=\"button-label\">Th\u00eam v\u00e0o gi\u1ecf h\u00e0ng<\/span><\/a><\/div><\/div>\t<\/div>\n<\/li>\n<li \nclass=\"customify-col product-has-gallery product type-product post-132 status-publish last instock product_cat-banh-an-dam has-post-thumbnail shipping-taxable purchasable product-type-simple\">\n\t<div class=\"wc-product-inner\">\n\t<div class=\"wc-product-media\"><a href=\"https:\/\/bebii.store\/index.php\/san-pham\/banh-an-dam-huu-co-vi-ca-rot\/\" class=\"woocommerce-LoopProduct-link woocommerce-loop-product__link\"><img loading=\"lazy\" decoding=\"async\" width=\"176\" height=\"186\" src=\"https:\/\/bebii.store\/wp-content\/uploads\/2025\/12\/Screenshot-2025-12-05-132146.png\" class=\"attachment-woocommerce_thumbnail size-woocommerce_thumbnail\" alt=\"B\u00e1nh \u0103n d\u1eb7m h\u1eefu c\u01a1 v\u1ecb c\u00e0 r\u1ed1t\" \/><img loading=\"lazy\" decoding=\"async\" width=\"176\" height=\"186\" src=\"https:\/\/bebii.store\/wp-content\/uploads\/2025\/12\/Screenshot-2025-12-05-132146.png\" class=\"attachment-shop_catalog secondary-image image-transition\" alt=\"\" \/><\/a><\/div><div class=\"wc-product-contents\"><div class=\"wc-product__part wc-product__category show-in-grid show-in-list\"><a class=\"text-uppercase text-xsmall link-meta\" href=\"https:\/\/bebii.store\/index.php\/danh-muc-san-pham\/banh-an-dam\/\" rel=\"tag\">B\u00e1nh \u0102n D\u1eb7m<\/a><\/div><div class=\"wc-product__part wc-product__title show-in-grid show-in-list\"><h2 class=\"woocommerce-loop-product__title\"><a href=\"https:\/\/bebii.store\/index.php\/san-pham\/banh-an-dam-huu-co-vi-ca-rot\/\" class=\"woocommerce-LoopProduct-link woocommerce-loop-product__link\">B\u00e1nh \u0103n d\u1eb7m h\u1eefu c\u01a1 v\u1ecb c\u00e0 r\u1ed1t<\/a><\/h2><\/div><div class=\"wc-product__part wc-product__price show-in-grid show-in-list\">\n\t<span class=\"price\"><span class=\"woocommerce-Price-amount amount\"><bdi>55.000&nbsp;<span class=\"woocommerce-Price-currencySymbol\">&#8363;<\/span><\/bdi><\/span><\/span>\n<\/div><div class=\"wc-product__part wc-product__description hide-in-grid show-in-list\"><div class=\"woocommerce-loop-product__desc\"><p>B\u00e1nh ph\u1ed3ng h\u1eefu c\u01a1 v\u1ecb c\u00e0 r\u1ed1t l\u00e0 snack d\u1ea1ng que. \u0110\u01b0\u1ee3c l\u00e0m t\u1eeb b\u1ed9t ng\u00f4 h\u1eefu c\u01a1 k\u1ebft h\u1ee3p v\u1edbi c\u00e0 r\u1ed1t t\u1ef1 nhi\u00ean<\/p>\n<\/div><\/div><div class=\"wc-product__part wc-product__add_to_cart show-in-grid show-in-list\"><a href=\"\/index.php\/wp-json\/wp\/v2\/pages\/48?add-to-cart=132\" data-quantity=\"1\" class=\"button product_type_simple add_to_cart_button ajax_add_to_cart\" data-product_id=\"132\" data-product_sku=\"\" aria-label=\"Th\u00eam v\u00e0o gi\u1ecf h\u00e0ng: &ldquo;B\u00e1nh \u0103n d\u1eb7m h\u1eefu c\u01a1 v\u1ecb c\u00e0 r\u1ed1t&rdquo;\" rel=\"nofollow\" data-success_message=\"&ldquo;B\u00e1nh \u0103n d\u1eb7m h\u1eefu c\u01a1 v\u1ecb c\u00e0 r\u1ed1t&rdquo; \u0111\u00e3 \u0111\u01b0\u1ee3c th\u00eam v\u00e0o gi\u1ecf h\u00e0ng c\u1ee7a b\u1ea1n\" role=\"button\"><span class=\"button-label\">Th\u00eam v\u00e0o gi\u1ecf h\u00e0ng<\/span><\/a><\/div><\/div>\t<\/div>\n<\/li>\n<li \nclass=\"customify-col product-has-gallery product type-product post-130 status-publish first instock product_cat-banh-an-dam has-post-thumbnail shipping-taxable purchasable product-type-simple\">\n\t<div class=\"wc-product-inner\">\n\t<div class=\"wc-product-media\"><a href=\"https:\/\/bebii.store\/index.php\/san-pham\/banh-an-dam-huu-co-hinh-que-vi-rau-cu\/\" class=\"woocommerce-LoopProduct-link woocommerce-loop-product__link\"><img loading=\"lazy\" decoding=\"async\" width=\"177\" height=\"182\" src=\"https:\/\/bebii.store\/wp-content\/uploads\/2025\/12\/Screenshot-2025-12-05-132140.png\" class=\"attachment-woocommerce_thumbnail size-woocommerce_thumbnail\" alt=\"B\u00e1nh \u0103n d\u1eb7m h\u1eefu c\u01a1 h\u00ecnh que v\u1ecb rau c\u1ee7\" \/><img loading=\"lazy\" decoding=\"async\" width=\"177\" height=\"182\" src=\"https:\/\/bebii.store\/wp-content\/uploads\/2025\/12\/Screenshot-2025-12-05-132140.png\" class=\"attachment-shop_catalog secondary-image image-transition\" alt=\"\" \/><\/a><\/div><div class=\"wc-product-contents\"><div class=\"wc-product__part wc-product__category show-in-grid show-in-list\"><a class=\"text-uppercase text-xsmall link-meta\" href=\"https:\/\/bebii.store\/index.php\/danh-muc-san-pham\/banh-an-dam\/\" rel=\"tag\">B\u00e1nh \u0102n D\u1eb7m<\/a><\/div><div class=\"wc-product__part wc-product__title show-in-grid show-in-list\"><h2 class=\"woocommerce-loop-product__title\"><a href=\"https:\/\/bebii.store\/index.php\/san-pham\/banh-an-dam-huu-co-hinh-que-vi-rau-cu\/\" class=\"woocommerce-LoopProduct-link woocommerce-loop-product__link\">B\u00e1nh \u0103n d\u1eb7m h\u1eefu c\u01a1 h\u00ecnh que v\u1ecb rau c\u1ee7<\/a><\/h2><\/div><div class=\"wc-product__part wc-product__price show-in-grid show-in-list\">\n\t<span class=\"price\"><span class=\"woocommerce-Price-amount amount\"><bdi>55.000&nbsp;<span class=\"woocommerce-Price-currencySymbol\">&#8363;<\/span><\/bdi><\/span><\/span>\n<\/div><div class=\"wc-product__part wc-product__description hide-in-grid show-in-list\"><div class=\"woocommerce-loop-product__desc\"><p>S\u1ea3n ph\u1ea9m \u0111\u01b0\u1ee3c l\u00e0m t\u1eeb ng\u0169 c\u1ed1c h\u1eefu c\u01a1 k\u1ebft h\u1ee3p v\u1edbi c\u00e1c lo\u1ea1i rau c\u1ee7 t\u1ef1 nhi\u00ean nh\u01b0 c\u00e0 r\u1ed1t, c\u00e0 chua v\u00e0 ng\u00f4.&hellip;<\/p>\n<\/div><\/div><div class=\"wc-product__part wc-product__add_to_cart show-in-grid show-in-list\"><a href=\"\/index.php\/wp-json\/wp\/v2\/pages\/48?add-to-cart=130\" data-quantity=\"1\" class=\"button product_type_simple add_to_cart_button ajax_add_to_cart\" data-product_id=\"130\" data-product_sku=\"\" aria-label=\"Th\u00eam v\u00e0o gi\u1ecf h\u00e0ng: &ldquo;B\u00e1nh \u0103n d\u1eb7m h\u1eefu c\u01a1 h\u00ecnh que v\u1ecb rau c\u1ee7&rdquo;\" rel=\"nofollow\" data-success_message=\"&ldquo;B\u00e1nh \u0103n d\u1eb7m h\u1eefu c\u01a1 h\u00ecnh que v\u1ecb rau c\u1ee7&rdquo; \u0111\u00e3 \u0111\u01b0\u1ee3c th\u00eam v\u00e0o gi\u1ecf h\u00e0ng c\u1ee7a b\u1ea1n\" role=\"button\"><span class=\"button-label\">Th\u00eam v\u00e0o gi\u1ecf h\u00e0ng<\/span><\/a><\/div><\/div>\t<\/div>\n<\/li>\n<li \nclass=\"customify-col product-has-gallery product type-product post-114 status-publish instock product_cat-banh-an-dam has-post-thumbnail shipping-taxable purchasable product-type-simple\">\n\t<div class=\"wc-product-inner\">\n\t<div class=\"wc-product-media\"><a href=\"https:\/\/bebii.store\/index.php\/san-pham\/banh-an-dam-huu-co-hinh-lat-vi-ca-chua\/\" class=\"woocommerce-LoopProduct-link woocommerce-loop-product__link\"><img loading=\"lazy\" decoding=\"async\" width=\"186\" height=\"179\" src=\"https:\/\/bebii.store\/wp-content\/uploads\/2025\/12\/Screenshot-2025-12-05-130446.png\" class=\"attachment-woocommerce_thumbnail size-woocommerce_thumbnail\" alt=\"B\u00e1nh \u0103n d\u1eb7m h\u1eefu c\u01a1 h\u00ecnh l\u00e1t v\u1ecb c\u00e0 chua\" \/><img loading=\"lazy\" decoding=\"async\" width=\"186\" height=\"179\" src=\"https:\/\/bebii.store\/wp-content\/uploads\/2025\/12\/Screenshot-2025-12-05-130446.png\" class=\"attachment-shop_catalog secondary-image image-transition\" alt=\"\" \/><\/a><\/div><div class=\"wc-product-contents\"><div class=\"wc-product__part wc-product__category show-in-grid show-in-list\"><a class=\"text-uppercase text-xsmall link-meta\" href=\"https:\/\/bebii.store\/index.php\/danh-muc-san-pham\/banh-an-dam\/\" rel=\"tag\">B\u00e1nh \u0102n D\u1eb7m<\/a><\/div><div class=\"wc-product__part wc-product__title show-in-grid show-in-list\"><h2 class=\"woocommerce-loop-product__title\"><a href=\"https:\/\/bebii.store\/index.php\/san-pham\/banh-an-dam-huu-co-hinh-lat-vi-ca-chua\/\" class=\"woocommerce-LoopProduct-link woocommerce-loop-product__link\">B\u00e1nh \u0103n d\u1eb7m h\u1eefu c\u01a1 h\u00ecnh l\u00e1t v\u1ecb c\u00e0 chua<\/a><\/h2><\/div><div class=\"wc-product__part wc-product__price show-in-grid show-in-list\">\n\t<span class=\"price\"><span class=\"woocommerce-Price-amount amount\"><bdi>55.000&nbsp;<span class=\"woocommerce-Price-currencySymbol\">&#8363;<\/span><\/bdi><\/span><\/span>\n<\/div><div class=\"wc-product__part wc-product__description hide-in-grid show-in-list\"><div class=\"woocommerce-loop-product__desc\"><p>B\u00e1nh \u0103n d\u1eb7m h\u1eefu c\u01a1 v\u1ecb c\u00e0 chua l\u00e0 snack h\u1eefu c\u01a1 d\u1ea1ng l\u00e1t gi\u00f2n tan. S\u1ea3n ph\u1ea9m l\u00e0m t\u1eeb ng\u0169 c\u1ed1c h\u1eefu c\u01a1 k\u1ebft&hellip;<\/p>\n<\/div><\/div><div class=\"wc-product__part wc-product__add_to_cart show-in-grid show-in-list\"><a href=\"\/index.php\/wp-json\/wp\/v2\/pages\/48?add-to-cart=114\" data-quantity=\"1\" class=\"button product_type_simple add_to_cart_button ajax_add_to_cart\" data-product_id=\"114\" data-product_sku=\"\" aria-label=\"Th\u00eam v\u00e0o gi\u1ecf h\u00e0ng: &ldquo;B\u00e1nh \u0103n d\u1eb7m h\u1eefu c\u01a1 h\u00ecnh l\u00e1t v\u1ecb c\u00e0 chua&rdquo;\" rel=\"nofollow\" data-success_message=\"&ldquo;B\u00e1nh \u0103n d\u1eb7m h\u1eefu c\u01a1 h\u00ecnh l\u00e1t v\u1ecb c\u00e0 chua&rdquo; \u0111\u00e3 \u0111\u01b0\u1ee3c th\u00eam v\u00e0o gi\u1ecf h\u00e0ng c\u1ee7a b\u1ea1n\" role=\"button\"><span class=\"button-label\">Th\u00eam v\u00e0o gi\u1ecf h\u00e0ng<\/span><\/a><\/div><\/div>\t<\/div>\n<\/li>\n<\/ul>\n<\/div>\r\n\t\t\t\t<\/div>\n\t\t\t\t\t<\/div>\n\t\t\t\t<\/div>\n\t\t\t\t<\/div>\n\t\t","protected":false},"excerpt":{"rendered":"","protected":false},"author":1,"featured_media":0,"parent":0,"menu_order":0,"comment_status":"closed","ping_status":"closed","template":"","meta":{"footnotes":""},"class_list":["post-48","page","type-page","status-publish","hentry"],"yoast_head":"<!-- This site is optimized with the Yoast SEO plugin v26.4 - https:\/\/yoast.com\/wordpress\/plugins\/seo\/ -->\n<title>S\u1ea3n Ph\u1ea9m - B\u00e9Bii<\/title>\n<meta name=\"robots\" content=\"index, follow, max-snippet:-1, max-image-preview:large, max-video-preview:-1\" \/>\n<link rel=\"canonical\" href=\"https:\/\/bebii.store\/index.php\/san-pham\/\" \/>\n<meta property=\"og:locale\" content=\"vi_VN\" \/>\n<meta property=\"og:type\" content=\"article\" \/>\n<meta property=\"og:title\" content=\"S\u1ea3n Ph\u1ea9m - B\u00e9Bii\" \/>\n<meta property=\"og:url\" content=\"https:\/\/bebii.store\/index.php\/san-pham\/\" \/>\n<meta property=\"og:site_name\" content=\"B\u00e9Bii\" \/>\n<meta property=\"article:modified_time\" content=\"2025-12-05T06:12:59+00:00\" \/>\n<meta name=\"twitter:card\" content=\"summary_large_image\" \/>\n<script type=\"application\/ld+json\" class=\"yoast-schema-graph\">{\"@context\":\"https:\/\/schema.org\",\"@graph\":[{\"@type\":\"WebPage\",\"@id\":\"https:\/\/bebii.store\/index.php\/san-pham\/\",\"url\":\"https:\/\/bebii.store\/index.php\/san-pham\/\",\"name\":\"S\u1ea3n Ph\u1ea9m - B\u00e9Bii\",\"isPartOf\":{\"@id\":\"https:\/\/bebii.store\/#website\"},\"datePublished\":\"2025-12-05T05:25:08+00:00\",\"dateModified\":\"2025-12-05T06:12:59+00:00\",\"breadcrumb\":{\"@id\":\"https:\/\/bebii.store\/index.php\/san-pham\/#breadcrumb\"},\"inLanguage\":\"vi\",\"potentialAction\":[{\"@type\":\"ReadAction\",\"target\":[\"https:\/\/bebii.store\/index.php\/san-pham\/\"]}]},{\"@type\":\"BreadcrumbList\",\"@id\":\"https:\/\/bebii.store\/index.php\/san-pham\/#breadcrumb\",\"itemListElement\":[{\"@type\":\"ListItem\",\"position\":1,\"name\":\"Trang ch\u1ee7\",\"item\":\"https:\/\/bebii.store\/\"},{\"@type\":\"ListItem\",\"position\":2,\"name\":\"S\u1ea3n Ph\u1ea9m\"}]},{\"@type\":\"WebSite\",\"@id\":\"https:\/\/bebii.store\/#website\",\"url\":\"https:\/\/bebii.store\/\",\"name\":\"B\u00e9Bii\",\"description\":\"\",\"publisher\":{\"@id\":\"https:\/\/bebii.store\/#organization\"},\"potentialAction\":[{\"@type\":\"SearchAction\",\"target\":{\"@type\":\"EntryPoint\",\"urlTemplate\":\"https:\/\/bebii.store\/?s={search_term_string}\"},\"query-input\":{\"@type\":\"PropertyValueSpecification\",\"valueRequired\":true,\"valueName\":\"search_term_string\"}}],\"inLanguage\":\"vi\"},{\"@type\":\"Organization\",\"@id\":\"https:\/\/bebii.store\/#organization\",\"name\":\"B\u00e9Bii\",\"url\":\"https:\/\/bebii.store\/\",\"logo\":{\"@type\":\"ImageObject\",\"inLanguage\":\"vi\",\"@id\":\"https:\/\/bebii.store\/#\/schema\/logo\/image\/\",\"url\":\"https:\/\/bebii.store\/wp-content\/uploads\/2025\/11\/cropped-Gemini_Generated_Image_uc9ffouc9ffouc9f-Photoroom.png\",\"contentUrl\":\"https:\/\/bebii.store\/wp-content\/uploads\/2025\/11\/cropped-Gemini_Generated_Image_uc9ffouc9ffouc9f-Photoroom.png\",\"width\":240,\"height\":160,\"caption\":\"B\u00e9Bii\"},\"image\":{\"@id\":\"https:\/\/bebii.store\/#\/schema\/logo\/image\/\"}}]}<\/script>\n<!-- \/ Yoast SEO plugin. -->","yoast_head_json":{"title":"S\u1ea3n Ph\u1ea9m - B\u00e9Bii","robots":{"index":"index","follow":"follow","max-snippet":"max-snippet:-1","max-image-preview":"max-image-preview:large","max-video-preview":"max-video-preview:-1"},"canonical":"https:\/\/bebii.store\/index.php\/san-pham\/","og_locale":"vi_VN","og_type":"article","og_title":"S\u1ea3n Ph\u1ea9m - B\u00e9Bii","og_url":"https:\/\/bebii.store\/index.php\/san-pham\/","og_site_name":"B\u00e9Bii","article_modified_time":"2025-12-05T06:12:59+00:00","twitter_card":"summary_large_image","schema":{"@context":"https:\/\/schema.org","@graph":[{"@type":"WebPage","@id":"https:\/\/bebii.store\/index.php\/san-pham\/","url":"https:\/\/bebii.store\/index.php\/san-pham\/","name":"S\u1ea3n Ph\u1ea9m - B\u00e9Bii","isPartOf":{"@id":"https:\/\/bebii.store\/#website"},"datePublished":"2025-12-05T05:25:08+00:00","dateModified":"2025-12-05T06:12:59+00:00","breadcrumb":{"@id":"https:\/\/bebii.store\/index.php\/san-pham\/#breadcrumb"},"inLanguage":"vi","potentialAction":[{"@type":"ReadAction","target":["https:\/\/bebii.store\/index.php\/san-pham\/"]}]},{"@type":"BreadcrumbList","@id":"https:\/\/bebii.store\/index.php\/san-pham\/#breadcrumb","itemListElement":[{"@type":"ListItem","position":1,"name":"Trang ch\u1ee7","item":"https:\/\/bebii.store\/"},{"@type":"ListItem","position":2,"name":"S\u1ea3n Ph\u1ea9m"}]},{"@type":"WebSite","@id":"https:\/\/bebii.store\/#website","url":"https:\/\/bebii.store\/","name":"B\u00e9Bii","description":"","publisher":{"@id":"https:\/\/bebii.store\/#organization"},"potentialAction":[{"@type":"SearchAction","target":{"@type":"EntryPoint","urlTemplate":"https:\/\/bebii.store\/?s={search_term_string}"},"query-input":{"@type":"PropertyValueSpecification","valueRequired":true,"valueName":"search_term_string"}}],"inLanguage":"vi"},{"@type":"Organization","@id":"https:\/\/bebii.store\/#organization","name":"B\u00e9Bii","url":"https:\/\/bebii.store\/","logo":{"@type":"ImageObject","inLanguage":"vi","@id":"https:\/\/bebii.store\/#\/schema\/logo\/image\/","url":"https:\/\/bebii.store\/wp-content\/uploads\/2025\/11\/cropped-Gemini_Generated_Image_uc9ffouc9ffouc9f-Photoroom.png","contentUrl":"https:\/\/bebii.store\/wp-content\/uploads\/2025\/11\/cropped-Gemini_Generated_Image_uc9ffouc9ffouc9f-Photoroom.png","width":240,"height":160,"caption":"B\u00e9Bii"},"image":{"@id":"https:\/\/bebii.store\/#\/schema\/logo\/image\/"}}]}},"jetpack_sharing_enabled":true,"_links":{"self":[{"href":"https:\/\/bebii.store\/index.php\/wp-json\/wp\/v2\/pages\/48","targetHints":{"allow":["GET"]}}],"collection":[{"href":"https:\/\/bebii.store\/index.php\/wp-json\/wp\/v2\/pages"}],"about":[{"href":"https:\/\/bebii.store\/index.php\/wp-json\/wp\/v2\/types\/page"}],"author":[{"embeddable":true,"href":"https:\/\/bebii.store\/index.php\/wp-json\/wp\/v2\/users\/1"}],"replies":[{"embeddable":true,"href":"https:\/\/bebii.store\/index.php\/wp-json\/wp\/v2\/comments?post=48"}],"version-history":[{"count":6,"href":"https:\/\/bebii.store\/index.php\/wp-json\/wp\/v2\/pages\/48\/revisions"}],"predecessor-version":[{"id":123,"href":"https:\/\/bebii.store\/index.php\/wp-json\/wp\/v2\/pages\/48\/revisions\/123"}],"wp:attachment":[{"href":"https:\/\/bebii.store\/index.php\/wp-json\/wp\/v2\/media?parent=48"}],"curies":[{"name":"wp","href":"https:\/\/api.w.org\/{rel}","templated":true}]}}