{"id":246,"date":"2025-12-19T03:25:40","date_gmt":"2025-12-19T03:25:40","guid":{"rendered":"https:\/\/bebii.store\/?page_id=246"},"modified":"2025-12-19T03:28:02","modified_gmt":"2025-12-19T03:28:02","slug":"tin-tuc","status":"publish","type":"page","link":"https:\/\/bebii.store\/index.php\/tin-tuc\/","title":{"rendered":"Tin T\u1ee9c"},"content":{"rendered":"\t\t<div data-elementor-type=\"wp-page\" data-elementor-id=\"246\" class=\"elementor elementor-246\">\n\t\t\t\t<div class=\"elementor-element elementor-element-e6056b5 e-flex e-con-boxed e-con e-parent\" data-id=\"e6056b5\" data-element_type=\"container\">\n\t\t\t\t\t<div class=\"e-con-inner\">\n\t\t\t\t<div class=\"elementor-element elementor-element-b8ca1b1 elementor-widget elementor-widget-html\" data-id=\"b8ca1b1\" data-element_type=\"widget\" data-widget_type=\"html.default\">\n\t\t\t\t\t<div class=\"my-post-grid\"><div class=\"listing-item\"><a class=\"image\" href=\"https:\/\/bebii.store\/index.php\/2025\/12\/08\/be-cua-me-da-san-sang-chien-dau-voi-ngay-dai-chua\/\"><img fetchpriority=\"high\" decoding=\"async\" width=\"300\" height=\"224\" src=\"https:\/\/bebii.store\/wp-content\/uploads\/2025\/12\/588393565_122106348999113132_6269461210639974590_n-300x224.jpg\" class=\"attachment-medium size-medium wp-post-image\" alt=\"\" srcset=\"https:\/\/bebii.store\/wp-content\/uploads\/2025\/12\/588393565_122106348999113132_6269461210639974590_n-300x224.jpg 300w, https:\/\/bebii.store\/wp-content\/uploads\/2025\/12\/588393565_122106348999113132_6269461210639974590_n-600x448.jpg 600w, https:\/\/bebii.store\/wp-content\/uploads\/2025\/12\/588393565_122106348999113132_6269461210639974590_n.jpg 720w\" sizes=\"(max-width: 300px) 100vw, 300px\" \/><\/a> <a class=\"title\" href=\"https:\/\/bebii.store\/index.php\/2025\/12\/08\/be-cua-me-da-san-sang-chien-dau-voi-ngay-dai-chua\/\">B\u00e9 C\u1ee7a M\u1eb9 \u0110\u00e3 S\u1eb5n S\u00e0ng &#8220;Chi\u1ebfn \u0110\u1ea5u&#8221; V\u1edbi Ng\u00e0y D\u00e0i Ch\u01b0a?<\/a><\/div><div class=\"listing-item\"><a class=\"image\" href=\"https:\/\/bebii.store\/index.php\/2025\/12\/08\/chuyen-gia-dinh-duong-chia-se-tai-sao-tre-nho-can-dung-san-pham-cang-it-phu-gia-cang-tot\/\"><img decoding=\"async\" width=\"300\" height=\"164\" src=\"https:\/\/bebii.store\/wp-content\/uploads\/2025\/12\/594286321_122108614245113132_4086330170185214973_n-300x164.jpg\" class=\"attachment-medium size-medium wp-post-image\" alt=\"\" srcset=\"https:\/\/bebii.store\/wp-content\/uploads\/2025\/12\/594286321_122108614245113132_4086330170185214973_n-300x164.jpg 300w, https:\/\/bebii.store\/wp-content\/uploads\/2025\/12\/594286321_122108614245113132_4086330170185214973_n-768x419.jpg 768w, https:\/\/bebii.store\/wp-content\/uploads\/2025\/12\/594286321_122108614245113132_4086330170185214973_n-600x328.jpg 600w, https:\/\/bebii.store\/wp-content\/uploads\/2025\/12\/594286321_122108614245113132_4086330170185214973_n.jpg 960w\" sizes=\"(max-width: 300px) 100vw, 300px\" \/><\/a> <a class=\"title\" href=\"https:\/\/bebii.store\/index.php\/2025\/12\/08\/chuyen-gia-dinh-duong-chia-se-tai-sao-tre-nho-can-dung-san-pham-cang-it-phu-gia-cang-tot\/\">Chuy\u00ean gia dinh d\u01b0\u1ee1ng chia s\u1ebb: T\u1ea1i sao tr\u1ebb nh\u1ecf c\u1ea7n d\u00f9ng s\u1ea3n ph\u1ea9m c\u00e0ng \u00edt ph\u1ee5 gia c\u00e0ng t\u1ed1t?<\/a><\/div><div class=\"listing-item\"><a class=\"image\" href=\"https:\/\/bebii.store\/index.php\/2025\/12\/05\/gioi-thieu-bebii-thuc-pham-dinh-duong-giup-be-an-ngon-khoe-manh-moi-ngay\/\"><img decoding=\"async\" width=\"300\" height=\"167\" src=\"https:\/\/bebii.store\/wp-content\/uploads\/2025\/12\/z7295017869383_81def3ead47bc0854fd6bf45fddaa8cf-300x167.jpg\" class=\"attachment-medium size-medium wp-post-image\" alt=\"\" srcset=\"https:\/\/bebii.store\/wp-content\/uploads\/2025\/12\/z7295017869383_81def3ead47bc0854fd6bf45fddaa8cf-300x167.jpg 300w, https:\/\/bebii.store\/wp-content\/uploads\/2025\/12\/z7295017869383_81def3ead47bc0854fd6bf45fddaa8cf-scaled-600x335.jpg 600w, https:\/\/bebii.store\/wp-content\/uploads\/2025\/12\/z7295017869383_81def3ead47bc0854fd6bf45fddaa8cf-1024x572.jpg 1024w, https:\/\/bebii.store\/wp-content\/uploads\/2025\/12\/z7295017869383_81def3ead47bc0854fd6bf45fddaa8cf-768x429.jpg 768w, https:\/\/bebii.store\/wp-content\/uploads\/2025\/12\/z7295017869383_81def3ead47bc0854fd6bf45fddaa8cf-1536x857.jpg 1536w, https:\/\/bebii.store\/wp-content\/uploads\/2025\/12\/z7295017869383_81def3ead47bc0854fd6bf45fddaa8cf-2048x1143.jpg 2048w, https:\/\/bebii.store\/wp-content\/uploads\/2025\/12\/z7295017869383_81def3ead47bc0854fd6bf45fddaa8cf-1320x737.jpg 1320w\" sizes=\"(max-width: 300px) 100vw, 300px\" \/><\/a> <a class=\"title\" href=\"https:\/\/bebii.store\/index.php\/2025\/12\/05\/gioi-thieu-bebii-thuc-pham-dinh-duong-giup-be-an-ngon-khoe-manh-moi-ngay\/\">Gi\u1edbi Thi\u1ec7u B\u00e9Bii \u2013 Th\u1ef1c Ph\u1ea9m Dinh D\u01b0\u1ee1ng Gi\u00fap B\u00e9 \u0102n Ngon, Kh\u1ecfe M\u1ea1nh M\u1ed7i Ng\u00e0y<\/a><\/div><\/div>\r\n\t\t\t\t<\/div>\n\t\t\t\t\t<\/div>\n\t\t\t\t<\/div>\n\t\t\t\t<\/div>\n\t\t","protected":false},"excerpt":{"rendered":"","protected":false},"author":1,"featured_media":0,"parent":0,"menu_order":0,"comment_status":"closed","ping_status":"closed","template":"","meta":{"footnotes":""},"class_list":["post-246","page","type-page","status-publish","hentry"],"yoast_head":"<!-- This site is optimized with the Yoast SEO plugin v26.4 - https:\/\/yoast.com\/wordpress\/plugins\/seo\/ -->\n<title>Tin T\u1ee9c - B\u00e9Bii<\/title>\n<meta name=\"robots\" content=\"index, follow, max-snippet:-1, max-image-preview:large, max-video-preview:-1\" \/>\n<link rel=\"canonical\" href=\"https:\/\/bebii.store\/index.php\/tin-tuc\/\" \/>\n<meta property=\"og:locale\" content=\"vi_VN\" \/>\n<meta property=\"og:type\" content=\"article\" \/>\n<meta property=\"og:title\" content=\"Tin T\u1ee9c - B\u00e9Bii\" \/>\n<meta property=\"og:url\" content=\"https:\/\/bebii.store\/index.php\/tin-tuc\/\" \/>\n<meta property=\"og:site_name\" content=\"B\u00e9Bii\" \/>\n<meta property=\"article:modified_time\" content=\"2025-12-19T03:28:02+00:00\" \/>\n<meta name=\"twitter:card\" content=\"summary_large_image\" \/>\n<script type=\"application\/ld+json\" class=\"yoast-schema-graph\">{\"@context\":\"https:\/\/schema.org\",\"@graph\":[{\"@type\":\"WebPage\",\"@id\":\"https:\/\/bebii.store\/index.php\/tin-tuc\/\",\"url\":\"https:\/\/bebii.store\/index.php\/tin-tuc\/\",\"name\":\"Tin T\u1ee9c - B\u00e9Bii\",\"isPartOf\":{\"@id\":\"https:\/\/bebii.store\/#website\"},\"datePublished\":\"2025-12-19T03:25:40+00:00\",\"dateModified\":\"2025-12-19T03:28:02+00:00\",\"breadcrumb\":{\"@id\":\"https:\/\/bebii.store\/index.php\/tin-tuc\/#breadcrumb\"},\"inLanguage\":\"vi\",\"potentialAction\":[{\"@type\":\"ReadAction\",\"target\":[\"https:\/\/bebii.store\/index.php\/tin-tuc\/\"]}]},{\"@type\":\"BreadcrumbList\",\"@id\":\"https:\/\/bebii.store\/index.php\/tin-tuc\/#breadcrumb\",\"itemListElement\":[{\"@type\":\"ListItem\",\"position\":1,\"name\":\"Trang ch\u1ee7\",\"item\":\"https:\/\/bebii.store\/\"},{\"@type\":\"ListItem\",\"position\":2,\"name\":\"Tin T\u1ee9c\"}]},{\"@type\":\"WebSite\",\"@id\":\"https:\/\/bebii.store\/#website\",\"url\":\"https:\/\/bebii.store\/\",\"name\":\"B\u00e9Bii\",\"description\":\"\",\"publisher\":{\"@id\":\"https:\/\/bebii.store\/#organization\"},\"potentialAction\":[{\"@type\":\"SearchAction\",\"target\":{\"@type\":\"EntryPoint\",\"urlTemplate\":\"https:\/\/bebii.store\/?s={search_term_string}\"},\"query-input\":{\"@type\":\"PropertyValueSpecification\",\"valueRequired\":true,\"valueName\":\"search_term_string\"}}],\"inLanguage\":\"vi\"},{\"@type\":\"Organization\",\"@id\":\"https:\/\/bebii.store\/#organization\",\"name\":\"B\u00e9Bii\",\"url\":\"https:\/\/bebii.store\/\",\"logo\":{\"@type\":\"ImageObject\",\"inLanguage\":\"vi\",\"@id\":\"https:\/\/bebii.store\/#\/schema\/logo\/image\/\",\"url\":\"https:\/\/bebii.store\/wp-content\/uploads\/2025\/11\/cropped-Gemini_Generated_Image_uc9ffouc9ffouc9f-Photoroom.png\",\"contentUrl\":\"https:\/\/bebii.store\/wp-content\/uploads\/2025\/11\/cropped-Gemini_Generated_Image_uc9ffouc9ffouc9f-Photoroom.png\",\"width\":240,\"height\":160,\"caption\":\"B\u00e9Bii\"},\"image\":{\"@id\":\"https:\/\/bebii.store\/#\/schema\/logo\/image\/\"}}]}<\/script>\n<!-- \/ Yoast SEO plugin. -->","yoast_head_json":{"title":"Tin T\u1ee9c - B\u00e9Bii","robots":{"index":"index","follow":"follow","max-snippet":"max-snippet:-1","max-image-preview":"max-image-preview:large","max-video-preview":"max-video-preview:-1"},"canonical":"https:\/\/bebii.store\/index.php\/tin-tuc\/","og_locale":"vi_VN","og_type":"article","og_title":"Tin T\u1ee9c - B\u00e9Bii","og_url":"https:\/\/bebii.store\/index.php\/tin-tuc\/","og_site_name":"B\u00e9Bii","article_modified_time":"2025-12-19T03:28:02+00:00","twitter_card":"summary_large_image","schema":{"@context":"https:\/\/schema.org","@graph":[{"@type":"WebPage","@id":"https:\/\/bebii.store\/index.php\/tin-tuc\/","url":"https:\/\/bebii.store\/index.php\/tin-tuc\/","name":"Tin T\u1ee9c - B\u00e9Bii","isPartOf":{"@id":"https:\/\/bebii.store\/#website"},"datePublished":"2025-12-19T03:25:40+00:00","dateModified":"2025-12-19T03:28:02+00:00","breadcrumb":{"@id":"https:\/\/bebii.store\/index.php\/tin-tuc\/#breadcrumb"},"inLanguage":"vi","potentialAction":[{"@type":"ReadAction","target":["https:\/\/bebii.store\/index.php\/tin-tuc\/"]}]},{"@type":"BreadcrumbList","@id":"https:\/\/bebii.store\/index.php\/tin-tuc\/#breadcrumb","itemListElement":[{"@type":"ListItem","position":1,"name":"Trang ch\u1ee7","item":"https:\/\/bebii.store\/"},{"@type":"ListItem","position":2,"name":"Tin T\u1ee9c"}]},{"@type":"WebSite","@id":"https:\/\/bebii.store\/#website","url":"https:\/\/bebii.store\/","name":"B\u00e9Bii","description":"","publisher":{"@id":"https:\/\/bebii.store\/#organization"},"potentialAction":[{"@type":"SearchAction","target":{"@type":"EntryPoint","urlTemplate":"https:\/\/bebii.store\/?s={search_term_string}"},"query-input":{"@type":"PropertyValueSpecification","valueRequired":true,"valueName":"search_term_string"}}],"inLanguage":"vi"},{"@type":"Organization","@id":"https:\/\/bebii.store\/#organization","name":"B\u00e9Bii","url":"https:\/\/bebii.store\/","logo":{"@type":"ImageObject","inLanguage":"vi","@id":"https:\/\/bebii.store\/#\/schema\/logo\/image\/","url":"https:\/\/bebii.store\/wp-content\/uploads\/2025\/11\/cropped-Gemini_Generated_Image_uc9ffouc9ffouc9f-Photoroom.png","contentUrl":"https:\/\/bebii.store\/wp-content\/uploads\/2025\/11\/cropped-Gemini_Generated_Image_uc9ffouc9ffouc9f-Photoroom.png","width":240,"height":160,"caption":"B\u00e9Bii"},"image":{"@id":"https:\/\/bebii.store\/#\/schema\/logo\/image\/"}}]}},"jetpack_sharing_enabled":true,"_links":{"self":[{"href":"https:\/\/bebii.store\/index.php\/wp-json\/wp\/v2\/pages\/246","targetHints":{"allow":["GET"]}}],"collection":[{"href":"https:\/\/bebii.store\/index.php\/wp-json\/wp\/v2\/pages"}],"about":[{"href":"https:\/\/bebii.store\/index.php\/wp-json\/wp\/v2\/types\/page"}],"author":[{"embeddable":true,"href":"https:\/\/bebii.store\/index.php\/wp-json\/wp\/v2\/users\/1"}],"replies":[{"embeddable":true,"href":"https:\/\/bebii.store\/index.php\/wp-json\/wp\/v2\/comments?post=246"}],"version-history":[{"count":4,"href":"https:\/\/bebii.store\/index.php\/wp-json\/wp\/v2\/pages\/246\/revisions"}],"predecessor-version":[{"id":252,"href":"https:\/\/bebii.store\/index.php\/wp-json\/wp\/v2\/pages\/246\/revisions\/252"}],"wp:attachment":[{"href":"https:\/\/bebii.store\/index.php\/wp-json\/wp\/v2\/media?parent=246"}],"curies":[{"name":"wp","href":"https:\/\/api.w.org\/{rel}","templated":true}]}}